{"id":1304,"date":"2021-02-28T10:31:59","date_gmt":"2021-02-28T10:31:59","guid":{"rendered":"http:\/\/weinbau-fuehrer.at\/?page_id=1304"},"modified":"2026-01-23T09:24:30","modified_gmt":"2026-01-23T08:24:30","slug":"heurigen","status":"publish","type":"page","link":"https:\/\/weinbau-fuehrer.at\/de_de\/heurigen\/","title":{"rendered":"Heurigen"},"content":{"rendered":"<div class=\"wp-block-media-text alignwide is-stacked-on-mobile\"><figure class=\"wp-block-media-text__media\"><img decoding=\"async\" loading=\"lazy\" width=\"981\" height=\"1024\" src=\"http:\/\/weinbau-fuehrer.at\/wp-content\/uploads\/2021\/02\/Weinbau-Fuehrer_Heurigen-v2-1-981x1024.jpg\" alt=\"\" class=\"wp-image-1314 size-full\" srcset=\"https:\/\/weinbau-fuehrer.at\/wp-content\/uploads\/2021\/02\/Weinbau-Fuehrer_Heurigen-v2-1-981x1024.jpg 981w, https:\/\/weinbau-fuehrer.at\/wp-content\/uploads\/2021\/02\/Weinbau-Fuehrer_Heurigen-v2-1-288x300.jpg 288w, https:\/\/weinbau-fuehrer.at\/wp-content\/uploads\/2021\/02\/Weinbau-Fuehrer_Heurigen-v2-1-768x801.jpg 768w, https:\/\/weinbau-fuehrer.at\/wp-content\/uploads\/2021\/02\/Weinbau-Fuehrer_Heurigen-v2-1-1472x1536.jpg 1472w, https:\/\/weinbau-fuehrer.at\/wp-content\/uploads\/2021\/02\/Weinbau-Fuehrer_Heurigen-v2-1-1963x2048.jpg 1963w, https:\/\/weinbau-fuehrer.at\/wp-content\/uploads\/2021\/02\/Weinbau-Fuehrer_Heurigen-v2-1-600x626.jpg 600w\" sizes=\"(max-width: 981px) 100vw, 981px\" \/><\/figure><div class=\"wp-block-media-text__content\">\n<p><br><strong>Reservierungen unter: <\/strong><br><strong>+43 664 861 48 83<\/strong><\/p>\n\n\n\n<p>Unsere n\u00e4chste Heurigensaison beginnt bald. <br><br><strong>Termine<\/strong><br>27.2.2026 &#8211; 15.3.2026<br><br><strong>\u00d6ffnungszeiten<\/strong><br>Fr &amp; Sa 17:00 &#8211; 00:00 Uhr<br>So 16:00 &#8211; 00:00 Uhr<\/p>\n\n\n\n<div class=\"wp-block-file\"><a id=\"wp-block-file--media-b0f1327c-2eb6-4e91-8bd8-881a7f56024a\" href=\"http:\/\/weinbau-fuehrer.at\/wp-content\/uploads\/2021\/02\/Weinbau_Fuehrer_Speisekarte.pdf\" target=\"_blank\" rel=\"noreferrer noopener\"><strong><kbd>Speisekarte anzeigen<\/kbd><\/strong><\/a><a href=\"http:\/\/weinbau-fuehrer.at\/wp-content\/uploads\/2021\/02\/Weinbau_Fuehrer_Speisekarte.pdf\" class=\"wp-block-file__button wp-element-button\" download aria-describedby=\"wp-block-file--media-b0f1327c-2eb6-4e91-8bd8-881a7f56024a\"><\/a><\/div>\n\n\n\n<p><strong>SCH\u00d6N, DASS DU VORBEISCHAUST&#8230;<\/strong><\/p>\n\n\n\n<p>Was einst als Traum von uns begonnen hat, ist heute ein fixer Bestandteil unseres Familienbetriebes &#8211; unser&nbsp;Heurigen.<\/p>\n\n\n\n<p>1993 wurde unser&nbsp;Heurigen&nbsp;zum ersten&nbsp;Mal ge\u00f6ffnet &#8211; unsere&nbsp;vier Kinder&nbsp;halfen dabei von klein auf mit. Teamwork und Zusammenhalt standen daher von Beginn an im Mittelpunkt unserer Arbeit.<\/p>\n\n\n\n<p>Damals wie heute k\u00fcmmert sich Angelika liebevoll um unsere kulinarischen Schmankerln. Wert legt sie vor allem auf selbstgemachte Speisen. Deshalb macht sie neben den Aufstrichen und dem Surfleisch auch all unsere Mehlspeisen selbst. Lebensmittel,&nbsp;die wir nicht selbst erzeugen&nbsp;k\u00f6nnen, stammen vorwiegend aus der Region.&nbsp;Die Weine kommen aus unserem eigenen Weinbau.<\/p>\n<\/div><\/div>\n\n\n\n<p><\/p>","protected":false},"excerpt":{"rendered":"Reservierungen unter: +43 664 861 48 83 Unsere n\u00e4chste Heurigensaison beginnt bald. Termine27.2.2026 - 15.3.2026\u00d6ffnungszeitenFr &amp; Sa 17:00 - 00:00 UhrSo 16:00 - 00:00 Uhr Speisekarte anzeigen SCH\u00d6N, DASS DU VORBEISCHAUST... Was einst als Traum von uns begonnen hat, ist heute ein fixer Bestandteil unseres Familienbetriebes - unser&nbsp;Heurigen. 1993 wurde unser&nbsp;Heurigen&nbsp;zum ersten&nbsp;Mal ge\u00f6ffnet - unsere&nbsp;vier [...]","protected":false},"author":1,"featured_media":0,"parent":0,"menu_order":0,"comment_status":"closed","ping_status":"closed","template":"","meta":[],"yoast_head":"<!-- This site is optimized with the Yoast SEO plugin v20.12 - https:\/\/yoast.com\/wordpress\/plugins\/seo\/ -->\n<title>Heurigen | Weinbau F\u00fchrer | Kattau<\/title>\n<meta name=\"description\" content=\"Was einst als Traum von uns begonnen hat, ist heute ein fixer Bestandteil unseres Familienbetriebes - unser\u00a0Heurigen. Zu den \u00d6ffnungszeiten &amp; der Speisekarte.\" \/>\n<meta name=\"robots\" content=\"index, follow, max-snippet:-1, max-image-preview:large, max-video-preview:-1\" \/>\n<link rel=\"canonical\" href=\"https:\/\/weinbau-fuehrer.at\/de_de\/heurigen\/\" \/>\n<meta property=\"og:locale\" content=\"de_DE\" \/>\n<meta property=\"og:type\" content=\"article\" \/>\n<meta property=\"og:title\" content=\"Heurigen | Weinbau F\u00fchrer | Kattau\" \/>\n<meta property=\"og:description\" content=\"Was einst als Traum von uns begonnen hat, ist heute ein fixer Bestandteil unseres Familienbetriebes - unser\u00a0Heurigen. Zu den \u00d6ffnungszeiten &amp; der Speisekarte.\" \/>\n<meta property=\"og:url\" content=\"https:\/\/weinbau-fuehrer.at\/de_de\/heurigen\/\" \/>\n<meta property=\"og:site_name\" content=\"Weinbau F\u00fchrer, Kattau\" \/>\n<meta property=\"article:modified_time\" content=\"2026-01-23T08:24:30+00:00\" \/>\n<meta property=\"og:image\" content=\"http:\/\/weinbau-fuehrer.at\/wp-content\/uploads\/2021\/02\/Weinbau-Fuehrer_Heurigen-v2-1-981x1024.jpg\" \/>\n<meta name=\"twitter:card\" content=\"summary_large_image\" \/>\n<meta name=\"twitter:label1\" content=\"Gesch\u00e4tzte Lesezeit\" \/>\n\t<meta name=\"twitter:data1\" content=\"1\u00a0Minute\" \/>\n<script type=\"application\/ld+json\" class=\"yoast-schema-graph\">{\"@context\":\"https:\/\/schema.org\",\"@graph\":[{\"@type\":\"WebPage\",\"@id\":\"https:\/\/weinbau-fuehrer.at\/heurigen\/\",\"url\":\"https:\/\/weinbau-fuehrer.at\/heurigen\/\",\"name\":\"Heurigen | Weinbau F\u00fchrer | Kattau\",\"isPartOf\":{\"@id\":\"https:\/\/weinbau-fuehrer.at\/#website\"},\"datePublished\":\"2021-02-28T10:31:59+00:00\",\"dateModified\":\"2026-01-23T08:24:30+00:00\",\"description\":\"Was einst als Traum von uns begonnen hat, ist heute ein fixer Bestandteil unseres Familienbetriebes - unser\u00a0Heurigen. Zu den \u00d6ffnungszeiten & der Speisekarte.\",\"breadcrumb\":{\"@id\":\"https:\/\/weinbau-fuehrer.at\/heurigen\/#breadcrumb\"},\"inLanguage\":\"de\",\"potentialAction\":[{\"@type\":\"ReadAction\",\"target\":[\"https:\/\/weinbau-fuehrer.at\/heurigen\/\"]}]},{\"@type\":\"BreadcrumbList\",\"@id\":\"https:\/\/weinbau-fuehrer.at\/heurigen\/#breadcrumb\",\"itemListElement\":[{\"@type\":\"ListItem\",\"position\":1,\"name\":\"Home\",\"item\":\"https:\/\/weinbau-fuehrer.at\/\"},{\"@type\":\"ListItem\",\"position\":2,\"name\":\"Heurigen\"}]},{\"@type\":\"WebSite\",\"@id\":\"https:\/\/weinbau-fuehrer.at\/#website\",\"url\":\"https:\/\/weinbau-fuehrer.at\/\",\"name\":\"Weinbau F\u00fchrer, Kattau\",\"description\":\"Jedem Wein seinen eigenen Charakter\",\"potentialAction\":[{\"@type\":\"SearchAction\",\"target\":{\"@type\":\"EntryPoint\",\"urlTemplate\":\"https:\/\/weinbau-fuehrer.at\/?s={search_term_string}\"},\"query-input\":\"required name=search_term_string\"}],\"inLanguage\":\"de\"}]}<\/script>\n<!-- \/ Yoast SEO plugin. -->","yoast_head_json":{"title":"Heurigen | Weinbau F\u00fchrer | Kattau","description":"Was einst als Traum von uns begonnen hat, ist heute ein fixer Bestandteil unseres Familienbetriebes - unser\u00a0Heurigen. Zu den \u00d6ffnungszeiten & der Speisekarte.","robots":{"index":"index","follow":"follow","max-snippet":"max-snippet:-1","max-image-preview":"max-image-preview:large","max-video-preview":"max-video-preview:-1"},"canonical":"https:\/\/weinbau-fuehrer.at\/de_de\/heurigen\/","og_locale":"de_DE","og_type":"article","og_title":"Heurigen | Weinbau F\u00fchrer | Kattau","og_description":"Was einst als Traum von uns begonnen hat, ist heute ein fixer Bestandteil unseres Familienbetriebes - unser\u00a0Heurigen. Zu den \u00d6ffnungszeiten & der Speisekarte.","og_url":"https:\/\/weinbau-fuehrer.at\/de_de\/heurigen\/","og_site_name":"Weinbau F\u00fchrer, Kattau","article_modified_time":"2026-01-23T08:24:30+00:00","og_image":[{"url":"http:\/\/weinbau-fuehrer.at\/wp-content\/uploads\/2021\/02\/Weinbau-Fuehrer_Heurigen-v2-1-981x1024.jpg"}],"twitter_card":"summary_large_image","twitter_misc":{"Gesch\u00e4tzte Lesezeit":"1\u00a0Minute"},"schema":{"@context":"https:\/\/schema.org","@graph":[{"@type":"WebPage","@id":"https:\/\/weinbau-fuehrer.at\/heurigen\/","url":"https:\/\/weinbau-fuehrer.at\/heurigen\/","name":"Heurigen | Weinbau F\u00fchrer | Kattau","isPartOf":{"@id":"https:\/\/weinbau-fuehrer.at\/#website"},"datePublished":"2021-02-28T10:31:59+00:00","dateModified":"2026-01-23T08:24:30+00:00","description":"Was einst als Traum von uns begonnen hat, ist heute ein fixer Bestandteil unseres Familienbetriebes - unser\u00a0Heurigen. Zu den \u00d6ffnungszeiten & der Speisekarte.","breadcrumb":{"@id":"https:\/\/weinbau-fuehrer.at\/heurigen\/#breadcrumb"},"inLanguage":"de","potentialAction":[{"@type":"ReadAction","target":["https:\/\/weinbau-fuehrer.at\/heurigen\/"]}]},{"@type":"BreadcrumbList","@id":"https:\/\/weinbau-fuehrer.at\/heurigen\/#breadcrumb","itemListElement":[{"@type":"ListItem","position":1,"name":"Home","item":"https:\/\/weinbau-fuehrer.at\/"},{"@type":"ListItem","position":2,"name":"Heurigen"}]},{"@type":"WebSite","@id":"https:\/\/weinbau-fuehrer.at\/#website","url":"https:\/\/weinbau-fuehrer.at\/","name":"Weinbau F\u00fchrer, Kattau","description":"Jedem Wein seinen eigenen Charakter","potentialAction":[{"@type":"SearchAction","target":{"@type":"EntryPoint","urlTemplate":"https:\/\/weinbau-fuehrer.at\/?s={search_term_string}"},"query-input":"required name=search_term_string"}],"inLanguage":"de"}]}},"_links":{"self":[{"href":"https:\/\/weinbau-fuehrer.at\/de_de\/wp-json\/wp\/v2\/pages\/1304"}],"collection":[{"href":"https:\/\/weinbau-fuehrer.at\/de_de\/wp-json\/wp\/v2\/pages"}],"about":[{"href":"https:\/\/weinbau-fuehrer.at\/de_de\/wp-json\/wp\/v2\/types\/page"}],"author":[{"embeddable":true,"href":"https:\/\/weinbau-fuehrer.at\/de_de\/wp-json\/wp\/v2\/users\/1"}],"replies":[{"embeddable":true,"href":"https:\/\/weinbau-fuehrer.at\/de_de\/wp-json\/wp\/v2\/comments?post=1304"}],"version-history":[{"count":18,"href":"https:\/\/weinbau-fuehrer.at\/de_de\/wp-json\/wp\/v2\/pages\/1304\/revisions"}],"predecessor-version":[{"id":2209,"href":"https:\/\/weinbau-fuehrer.at\/de_de\/wp-json\/wp\/v2\/pages\/1304\/revisions\/2209"}],"wp:attachment":[{"href":"https:\/\/weinbau-fuehrer.at\/de_de\/wp-json\/wp\/v2\/media?parent=1304"}],"curies":[{"name":"wp","href":"https:\/\/api.w.org\/{rel}","templated":true}]}}