{"id":1288,"date":"2021-02-28T09:38:40","date_gmt":"2021-02-28T09:38:40","guid":{"rendered":"http:\/\/weinbau-fuehrer.at\/?page_id=1288"},"modified":"2025-09-28T08:22:12","modified_gmt":"2025-09-28T07:22:12","slug":"agb","status":"publish","type":"page","link":"https:\/\/weinbau-fuehrer.at\/de_de\/agb\/","title":{"rendered":"Allgemeine Gesch\u00e4ftsbedingungen (AGB)"},"content":{"rendered":"<p>Bei Bestellung via E-Mail oder in unserem Online Shop gelten folgende Allgemeine Gesch\u00e4ftsbedingungen<\/p>\n\n\n\n<p><strong>Bestellungen<\/strong><br>Gerne k\u00f6nnen Sie online, telefonisch oder via E-Mail Weine bzw. Gutscheine bestellen. Mit Bestellung und nachfolgender Auftragsbest\u00e4tigung kommt ein Kaufvertrag zustande. Bestellungen an Minderj\u00e4hrige sind nicht zul\u00e4ssig. Die f\u00fcr den Bestellvorgang erforderlichen Daten sind wahrheitsgem\u00e4\u00df und von der Nutzerin\/vom Nutzer vollst\u00e4ndig anzugeben.<\/p>\n\n\n\n<p><strong>Bestellmenge<\/strong><br>Der Versand ist aufgrund verpackungstechnischer Bestimmungen ausschlie\u00dflich in 6er Einheiten (also 6, 12, 18 usw. Flaschen) m\u00f6glich, wobei eine Variation aus unterschiedlichen Sorten erfolgen kann.&nbsp;<\/p>\n\n\n\n<p><strong>Lieferbedingungen<\/strong><br>Die Lieferung erfolgt via DPD. Bei gr\u00f6\u00dferer Bestellmenge sind auch andere Lieferm\u00f6glichkeiten m\u00f6glich \u2013 diese erfolgen in Absprache mit der K\u00e4uferin\/dem K\u00e4ufer. Auf Anfrage sind pers\u00f6nliche Zustellungen innerhalb von \u00d6sterreich m\u00f6glich.<\/p>\n\n\n\n<p>Sofern nicht anders vereinbart erfolgt die Lieferung innerhalb von drei Werktagen nach Erhalt der Bestellung. Die von uns genannten Liefertermine sind unverbindlich. Ein Schadensersatz aufgrund nicht eingehaltener Lieferzeiten wird nicht von uns \u00fcbernommen.&nbsp;<\/p>\n\n\n\n<p><strong>Preise<\/strong><br>Alle Preise verstehen sich Ab-Hof und inklusive 13% Steuer. Es gelten die Preise vom Tag der Bestellung. Bei Lieferungen in das Ausland k\u00f6nnen Z\u00f6lle, Steuern und Geb\u00fchren anfallen, die im Gesamtpreis nicht enthalten sind.<\/p>\n\n\n\n<p><strong>Zahlungsbedingungen<\/strong><br>Die Lieferung erfolgt auf Kosten der K\u00e4uferin\/des K\u00e4ufers an die von ihr\/ihm genannte Lieferadresse.<br>Bei Bezahlung mittels Bank\u00fcberweisung gilt Folgendes: Nach Versand der Ware schicken wir der Kundin\/dem Kunden per Mail eine Rechnung, die innerhalb von 14 Tagen in bar, mittels \u00dcberweisung oder Zahlschein beglichen werden muss. Bei Zahlungsverzug werden Verzugszinsen verrechnet.<\/p>\n\n\n\n<p><strong>Reklamation<\/strong><br>Eingegangene Waren m\u00fcssen bei \u00dcbernahme \u00fcberpr\u00fcft und Transportsch\u00e4den unverz\u00fcglich reklamiert werden.\u00a0Reklamationen k\u00f6nnen nur nach vorheriger Absprache mit Weinbau F\u00fchrer GesbR entgegengenommen werden. Reklamationen zu einem sp\u00e4teren Zeitpunkt k\u00f6nnen nicht akzeptiert werden.<\/p>\n\n\n\n<p><strong>Eigentumsvorbehalt<\/strong><br>Die gelieferte Ware bleibt bis zur vollst\u00e4ndigen Zahlung Eigentum von Weinbau F\u00fchrer GesbR.\u00a0<\/p>\n\n\n\n<p><strong>Gerichtsstand<\/strong><br>Unser Gerichtsstand ist Horn. Mit der Bestellung erkl\u00e4rt sich die Kundin\/der Kunde mit unseren Gesch\u00e4fts- und Lieferbedingungen einverstanden.<\/p>","protected":false},"excerpt":{"rendered":"<p>Bei Bestellung via E-Mail oder in unserem Online Shop gelten folgende Allgemeine Gesch\u00e4ftsbedingungen BestellungenGerne k\u00f6nnen Sie online, telefonisch oder via E-Mail Weine bzw. Gutscheine bestellen. Mit Bestellung und nachfolgender Auftragsbest\u00e4tigung kommt ein Kaufvertrag zustande. Bestellungen an Minderj\u00e4hrige sind nicht zul\u00e4ssig. Die f\u00fcr den Bestellvorgang erforderlichen Daten sind wahrheitsgem\u00e4\u00df und von der Nutzerin\/vom Nutzer vollst\u00e4ndig anzugeben. [&hellip;]<\/p>","protected":false},"author":1,"featured_media":0,"parent":0,"menu_order":0,"comment_status":"closed","ping_status":"closed","template":"","meta":[],"yoast_head":"<!-- This site is optimized with the Yoast SEO plugin v20.12 - https:\/\/yoast.com\/wordpress\/plugins\/seo\/ -->\n<title>AGB | Weinbau F\u00fchrer<\/title>\n<meta name=\"robots\" content=\"index, follow, max-snippet:-1, max-image-preview:large, max-video-preview:-1\" \/>\n<link rel=\"canonical\" href=\"https:\/\/weinbau-fuehrer.at\/de_de\/agb\/\" \/>\n<meta property=\"og:locale\" content=\"de_DE\" \/>\n<meta property=\"og:type\" content=\"article\" \/>\n<meta property=\"og:title\" content=\"AGB | Weinbau F\u00fchrer\" \/>\n<meta property=\"og:description\" content=\"Bei Bestellung via E-Mail oder in unserem Online Shop gelten folgende Allgemeine Gesch\u00e4ftsbedingungen BestellungenGerne k\u00f6nnen Sie online, telefonisch oder via E-Mail Weine bzw. Gutscheine bestellen. Mit Bestellung und nachfolgender Auftragsbest\u00e4tigung kommt ein Kaufvertrag zustande. Bestellungen an Minderj\u00e4hrige sind nicht zul\u00e4ssig. Die f\u00fcr den Bestellvorgang erforderlichen Daten sind wahrheitsgem\u00e4\u00df und von der Nutzerin\/vom Nutzer vollst\u00e4ndig anzugeben. [&hellip;]\" \/>\n<meta property=\"og:url\" content=\"https:\/\/weinbau-fuehrer.at\/de_de\/agb\/\" \/>\n<meta property=\"og:site_name\" content=\"Weinbau F\u00fchrer, Kattau\" \/>\n<meta property=\"article:modified_time\" content=\"2025-09-28T07:22:12+00:00\" \/>\n<meta name=\"twitter:card\" content=\"summary_large_image\" \/>\n<meta name=\"twitter:label1\" content=\"Gesch\u00e4tzte Lesezeit\" \/>\n\t<meta name=\"twitter:data1\" content=\"2\u00a0Minuten\" \/>\n<script type=\"application\/ld+json\" class=\"yoast-schema-graph\">{\"@context\":\"https:\/\/schema.org\",\"@graph\":[{\"@type\":\"WebPage\",\"@id\":\"https:\/\/weinbau-fuehrer.at\/agb\/\",\"url\":\"https:\/\/weinbau-fuehrer.at\/agb\/\",\"name\":\"AGB | Weinbau F\u00fchrer\",\"isPartOf\":{\"@id\":\"https:\/\/weinbau-fuehrer.at\/#website\"},\"datePublished\":\"2021-02-28T09:38:40+00:00\",\"dateModified\":\"2025-09-28T07:22:12+00:00\",\"breadcrumb\":{\"@id\":\"https:\/\/weinbau-fuehrer.at\/agb\/#breadcrumb\"},\"inLanguage\":\"de\",\"potentialAction\":[{\"@type\":\"ReadAction\",\"target\":[\"https:\/\/weinbau-fuehrer.at\/agb\/\"]}]},{\"@type\":\"BreadcrumbList\",\"@id\":\"https:\/\/weinbau-fuehrer.at\/agb\/#breadcrumb\",\"itemListElement\":[{\"@type\":\"ListItem\",\"position\":1,\"name\":\"Home\",\"item\":\"https:\/\/weinbau-fuehrer.at\/\"},{\"@type\":\"ListItem\",\"position\":2,\"name\":\"Allgemeine Gesch\u00e4ftsbedingungen (AGB)\"}]},{\"@type\":\"WebSite\",\"@id\":\"https:\/\/weinbau-fuehrer.at\/#website\",\"url\":\"https:\/\/weinbau-fuehrer.at\/\",\"name\":\"Weinbau F\u00fchrer, Kattau\",\"description\":\"Jedem Wein seinen eigenen Charakter\",\"potentialAction\":[{\"@type\":\"SearchAction\",\"target\":{\"@type\":\"EntryPoint\",\"urlTemplate\":\"https:\/\/weinbau-fuehrer.at\/?s={search_term_string}\"},\"query-input\":\"required name=search_term_string\"}],\"inLanguage\":\"de\"}]}<\/script>\n<!-- \/ Yoast SEO plugin. -->","yoast_head_json":{"title":"AGB | Weinbau F\u00fchrer","robots":{"index":"index","follow":"follow","max-snippet":"max-snippet:-1","max-image-preview":"max-image-preview:large","max-video-preview":"max-video-preview:-1"},"canonical":"https:\/\/weinbau-fuehrer.at\/de_de\/agb\/","og_locale":"de_DE","og_type":"article","og_title":"AGB | Weinbau F\u00fchrer","og_description":"Bei Bestellung via E-Mail oder in unserem Online Shop gelten folgende Allgemeine Gesch\u00e4ftsbedingungen BestellungenGerne k\u00f6nnen Sie online, telefonisch oder via E-Mail Weine bzw. Gutscheine bestellen. Mit Bestellung und nachfolgender Auftragsbest\u00e4tigung kommt ein Kaufvertrag zustande. Bestellungen an Minderj\u00e4hrige sind nicht zul\u00e4ssig. Die f\u00fcr den Bestellvorgang erforderlichen Daten sind wahrheitsgem\u00e4\u00df und von der Nutzerin\/vom Nutzer vollst\u00e4ndig anzugeben. [&hellip;]","og_url":"https:\/\/weinbau-fuehrer.at\/de_de\/agb\/","og_site_name":"Weinbau F\u00fchrer, Kattau","article_modified_time":"2025-09-28T07:22:12+00:00","twitter_card":"summary_large_image","twitter_misc":{"Gesch\u00e4tzte Lesezeit":"2\u00a0Minuten"},"schema":{"@context":"https:\/\/schema.org","@graph":[{"@type":"WebPage","@id":"https:\/\/weinbau-fuehrer.at\/agb\/","url":"https:\/\/weinbau-fuehrer.at\/agb\/","name":"AGB | Weinbau F\u00fchrer","isPartOf":{"@id":"https:\/\/weinbau-fuehrer.at\/#website"},"datePublished":"2021-02-28T09:38:40+00:00","dateModified":"2025-09-28T07:22:12+00:00","breadcrumb":{"@id":"https:\/\/weinbau-fuehrer.at\/agb\/#breadcrumb"},"inLanguage":"de","potentialAction":[{"@type":"ReadAction","target":["https:\/\/weinbau-fuehrer.at\/agb\/"]}]},{"@type":"BreadcrumbList","@id":"https:\/\/weinbau-fuehrer.at\/agb\/#breadcrumb","itemListElement":[{"@type":"ListItem","position":1,"name":"Home","item":"https:\/\/weinbau-fuehrer.at\/"},{"@type":"ListItem","position":2,"name":"Allgemeine Gesch\u00e4ftsbedingungen (AGB)"}]},{"@type":"WebSite","@id":"https:\/\/weinbau-fuehrer.at\/#website","url":"https:\/\/weinbau-fuehrer.at\/","name":"Weinbau F\u00fchrer, Kattau","description":"Jedem Wein seinen eigenen Charakter","potentialAction":[{"@type":"SearchAction","target":{"@type":"EntryPoint","urlTemplate":"https:\/\/weinbau-fuehrer.at\/?s={search_term_string}"},"query-input":"required name=search_term_string"}],"inLanguage":"de"}]}},"_links":{"self":[{"href":"https:\/\/weinbau-fuehrer.at\/de_de\/wp-json\/wp\/v2\/pages\/1288"}],"collection":[{"href":"https:\/\/weinbau-fuehrer.at\/de_de\/wp-json\/wp\/v2\/pages"}],"about":[{"href":"https:\/\/weinbau-fuehrer.at\/de_de\/wp-json\/wp\/v2\/types\/page"}],"author":[{"embeddable":true,"href":"https:\/\/weinbau-fuehrer.at\/de_de\/wp-json\/wp\/v2\/users\/1"}],"replies":[{"embeddable":true,"href":"https:\/\/weinbau-fuehrer.at\/de_de\/wp-json\/wp\/v2\/comments?post=1288"}],"version-history":[{"count":4,"href":"https:\/\/weinbau-fuehrer.at\/de_de\/wp-json\/wp\/v2\/pages\/1288\/revisions"}],"predecessor-version":[{"id":2186,"href":"https:\/\/weinbau-fuehrer.at\/de_de\/wp-json\/wp\/v2\/pages\/1288\/revisions\/2186"}],"wp:attachment":[{"href":"https:\/\/weinbau-fuehrer.at\/de_de\/wp-json\/wp\/v2\/media?parent=1288"}],"curies":[{"name":"wp","href":"https:\/\/api.w.org\/{rel}","templated":true}]}}