{"id":1286,"date":"2021-02-28T09:36:40","date_gmt":"2021-02-28T09:36:40","guid":{"rendered":"http:\/\/weinbau-fuehrer.at\/?page_id=1286"},"modified":"2025-09-28T08:21:06","modified_gmt":"2025-09-28T07:21:06","slug":"datenschutz","status":"publish","type":"page","link":"https:\/\/weinbau-fuehrer.at\/de_de\/datenschutz\/","title":{"rendered":"Datenschutz"},"content":{"rendered":"<p>Wir freuen uns sehr \u00fcber Ihr Interesse an unseren Weinen. Datenschutz hat selbstverst\u00e4ndlich einen hohen Stellenwert f\u00fcr uns. Bei R\u00fcckfragen zu unserer Datenschutzerkl\u00e4rung erreichen Sie uns unter:<\/p>\n\n\n\n<p><strong>Weinbau F\u00fchrer GesbR<\/strong><br>A-3730 Kattau 27<br>+43 664\/323 89 80<br>+43 664\/525 17 37<br>office@weinbau-fuehrer.at<br>http:\/\/www.weinbau-fuehrer.at<\/p>\n\n\n\n<p><strong>1. Zweck der Datenverarbeitung und Rechtsgrundlage<\/strong><\/p>\n\n\n\n<p>Die Nutzung unserer Website ist grunds\u00e4tzlich ohne Angabe von personenbezogenen Daten m\u00f6glich. Sollten Sie jedoch Services unserer Website in Anspruch nehmen, k\u00f6nnte eine Verarbeitung personenbezogener Daten notwendig werden (z.B.: Bestellung oder Anmeldung zum Newsletter).<br>Die Verarbeitung personenbezogener Daten (Name, Adresse, Telefonnummer, E-Mail Adresse) erfolgt im Einklang mit der aktuellen Datenschutz-Grundverordnung (kurz DSGVO).<\/p>\n\n\n\n<p>Wenn Sie per Formular auf der Website oder per E-Mail Kontakt mit uns aufnehmen, werden Ihre Daten und Ihre Anfrage zwecks Bearbeitung der Anfrage und f\u00fcr etwaige R\u00fcckfragen gespeichert. Diese Daten werden von uns nach der gesetzlich vorgeschriebenen Frist gel\u00f6scht, sollten sie nicht in einem Vertrag m\u00fcnden.<\/p>\n\n\n\n<p>Wenn Sie die Einwilligung zum Erhalt von Direktwerbung (Newsletter) gegeben haben, werden Ihre Daten f\u00fcr diese Zwecke verarbeitet. Sie haben jederzeit die M\u00f6glichkeit dieser Datenverarbeitung zu widersprechen. Durch den Widerruf der Einwilligung wird die Rechtm\u00e4\u00dfigkeit der aufgrund der Einwilligung bis zum Widerruf erfolgten Datenverarbeitung nicht ber\u00fchrt.<\/p>\n\n\n\n<p><strong>2. Cookies<\/strong><\/p>\n\n\n\n<p>Diese Website verwendet \u201cCookies\u201d. Darunter versteht man Textdateien, die auf dem Computer des Benutzers\/der Benutzerin gespeichert werden, um eine Analyse der Benutzung der Website zu erm\u00f6glichen. Viele Cookies verf\u00fcgen \u00fcber eine sogenannte Cookie-ID. Cookie-IDs bestehen aus einer eindeutigen Zeichenfolge, die es Internetseiten und Servern erm\u00f6glicht, den jeweiligen Internetbrowser des Users auszulesen.<\/p>\n\n\n\n<p>Durch den Einsatz von Cookies k\u00f6nnen wir die Verwendung unserer Website f\u00fcr BenutzerInnen erleichtern. Beispielsweise m\u00fcssen bestehende Zugangsdaten nicht erneut eingegeben werden, da diese Daten von dem auf dem Computer abgelegten Cookie automatisch \u00fcbernommen werden.<\/p>\n\n\n\n<p>NutzerInnen k\u00f6nnen dem Setzen von Cookies jederzeit mit Hilfe einer entsprechenden Einstellung im Browser widersprechen. Bereits gesetzte Cookies k\u00f6nnen jederzeit gel\u00f6scht werden.<\/p>\n\n\n\n<p><strong>3. Rechte der NutzerInnen dieser Website<\/strong><\/p>\n\n\n\n<p>NutzerInnen dieser Website k\u00f6nnen der Verarbeitung personenbezogener Daten jederzeit widersprechen und haben das Recht auf<br>\u2013 Auskunft<br>\u2013 Berichtigung<br>\u2013 L\u00f6schung<br>\u2013 Einschr\u00e4nkung der Verarbeitung<br>\u2013 Daten\u00fcbertragbarkeit<br>\u2013 Widerspruch<br>\u2013 Widerruf (bei Einwilligung) und<br>\u2013 Beschwerde bei der Datenschutzbeh\u00f6rde<\/p>","protected":false},"excerpt":{"rendered":"<p>Wir freuen uns sehr \u00fcber Ihr Interesse an unseren Weinen. Datenschutz hat selbstverst\u00e4ndlich einen hohen Stellenwert f\u00fcr uns. Bei R\u00fcckfragen zu unserer Datenschutzerkl\u00e4rung erreichen Sie uns unter: Weinbau F\u00fchrer GesbRA-3730 Kattau 27+43 664\/323 89 80+43 664\/525 17 37office@weinbau-fuehrer.athttp:\/\/www.weinbau-fuehrer.at 1. Zweck der Datenverarbeitung und Rechtsgrundlage Die Nutzung unserer Website ist grunds\u00e4tzlich ohne Angabe von personenbezogenen Daten [&hellip;]<\/p>","protected":false},"author":1,"featured_media":0,"parent":0,"menu_order":0,"comment_status":"closed","ping_status":"closed","template":"","meta":[],"yoast_head":"<!-- This site is optimized with the Yoast SEO plugin v20.12 - https:\/\/yoast.com\/wordpress\/plugins\/seo\/ -->\n<title>Datenschutz | Weinbau F\u00fchrer<\/title>\n<meta name=\"robots\" content=\"index, follow, max-snippet:-1, max-image-preview:large, max-video-preview:-1\" \/>\n<link rel=\"canonical\" href=\"https:\/\/weinbau-fuehrer.at\/de_de\/datenschutz\/\" \/>\n<meta property=\"og:locale\" content=\"de_DE\" \/>\n<meta property=\"og:type\" content=\"article\" \/>\n<meta property=\"og:title\" content=\"Datenschutz | Weinbau F\u00fchrer\" \/>\n<meta property=\"og:description\" content=\"Wir freuen uns sehr \u00fcber Ihr Interesse an unseren Weinen. Datenschutz hat selbstverst\u00e4ndlich einen hohen Stellenwert f\u00fcr uns. Bei R\u00fcckfragen zu unserer Datenschutzerkl\u00e4rung erreichen Sie uns unter: Weinbau F\u00fchrer GesbRA-3730 Kattau 27+43 664\/323 89 80+43 664\/525 17 37office@weinbau-fuehrer.athttp:\/\/www.weinbau-fuehrer.at 1. Zweck der Datenverarbeitung und Rechtsgrundlage Die Nutzung unserer Website ist grunds\u00e4tzlich ohne Angabe von personenbezogenen Daten [&hellip;]\" \/>\n<meta property=\"og:url\" content=\"https:\/\/weinbau-fuehrer.at\/de_de\/datenschutz\/\" \/>\n<meta property=\"og:site_name\" content=\"Weinbau F\u00fchrer, Kattau\" \/>\n<meta property=\"article:modified_time\" content=\"2025-09-28T07:21:06+00:00\" \/>\n<meta name=\"twitter:card\" content=\"summary_large_image\" \/>\n<meta name=\"twitter:label1\" content=\"Gesch\u00e4tzte Lesezeit\" \/>\n\t<meta name=\"twitter:data1\" content=\"2\u00a0Minuten\" \/>\n<script type=\"application\/ld+json\" class=\"yoast-schema-graph\">{\"@context\":\"https:\/\/schema.org\",\"@graph\":[{\"@type\":\"WebPage\",\"@id\":\"https:\/\/weinbau-fuehrer.at\/datenschutz\/\",\"url\":\"https:\/\/weinbau-fuehrer.at\/datenschutz\/\",\"name\":\"Datenschutz | Weinbau F\u00fchrer\",\"isPartOf\":{\"@id\":\"https:\/\/weinbau-fuehrer.at\/#website\"},\"datePublished\":\"2021-02-28T09:36:40+00:00\",\"dateModified\":\"2025-09-28T07:21:06+00:00\",\"breadcrumb\":{\"@id\":\"https:\/\/weinbau-fuehrer.at\/datenschutz\/#breadcrumb\"},\"inLanguage\":\"de\",\"potentialAction\":[{\"@type\":\"ReadAction\",\"target\":[\"https:\/\/weinbau-fuehrer.at\/datenschutz\/\"]}]},{\"@type\":\"BreadcrumbList\",\"@id\":\"https:\/\/weinbau-fuehrer.at\/datenschutz\/#breadcrumb\",\"itemListElement\":[{\"@type\":\"ListItem\",\"position\":1,\"name\":\"Home\",\"item\":\"https:\/\/weinbau-fuehrer.at\/\"},{\"@type\":\"ListItem\",\"position\":2,\"name\":\"Datenschutz\"}]},{\"@type\":\"WebSite\",\"@id\":\"https:\/\/weinbau-fuehrer.at\/#website\",\"url\":\"https:\/\/weinbau-fuehrer.at\/\",\"name\":\"Weinbau F\u00fchrer, Kattau\",\"description\":\"Jedem Wein seinen eigenen Charakter\",\"potentialAction\":[{\"@type\":\"SearchAction\",\"target\":{\"@type\":\"EntryPoint\",\"urlTemplate\":\"https:\/\/weinbau-fuehrer.at\/?s={search_term_string}\"},\"query-input\":\"required name=search_term_string\"}],\"inLanguage\":\"de\"}]}<\/script>\n<!-- \/ Yoast SEO plugin. -->","yoast_head_json":{"title":"Datenschutz | Weinbau F\u00fchrer","robots":{"index":"index","follow":"follow","max-snippet":"max-snippet:-1","max-image-preview":"max-image-preview:large","max-video-preview":"max-video-preview:-1"},"canonical":"https:\/\/weinbau-fuehrer.at\/de_de\/datenschutz\/","og_locale":"de_DE","og_type":"article","og_title":"Datenschutz | Weinbau F\u00fchrer","og_description":"Wir freuen uns sehr \u00fcber Ihr Interesse an unseren Weinen. Datenschutz hat selbstverst\u00e4ndlich einen hohen Stellenwert f\u00fcr uns. Bei R\u00fcckfragen zu unserer Datenschutzerkl\u00e4rung erreichen Sie uns unter: Weinbau F\u00fchrer GesbRA-3730 Kattau 27+43 664\/323 89 80+43 664\/525 17 37office@weinbau-fuehrer.athttp:\/\/www.weinbau-fuehrer.at 1. Zweck der Datenverarbeitung und Rechtsgrundlage Die Nutzung unserer Website ist grunds\u00e4tzlich ohne Angabe von personenbezogenen Daten [&hellip;]","og_url":"https:\/\/weinbau-fuehrer.at\/de_de\/datenschutz\/","og_site_name":"Weinbau F\u00fchrer, Kattau","article_modified_time":"2025-09-28T07:21:06+00:00","twitter_card":"summary_large_image","twitter_misc":{"Gesch\u00e4tzte Lesezeit":"2\u00a0Minuten"},"schema":{"@context":"https:\/\/schema.org","@graph":[{"@type":"WebPage","@id":"https:\/\/weinbau-fuehrer.at\/datenschutz\/","url":"https:\/\/weinbau-fuehrer.at\/datenschutz\/","name":"Datenschutz | Weinbau F\u00fchrer","isPartOf":{"@id":"https:\/\/weinbau-fuehrer.at\/#website"},"datePublished":"2021-02-28T09:36:40+00:00","dateModified":"2025-09-28T07:21:06+00:00","breadcrumb":{"@id":"https:\/\/weinbau-fuehrer.at\/datenschutz\/#breadcrumb"},"inLanguage":"de","potentialAction":[{"@type":"ReadAction","target":["https:\/\/weinbau-fuehrer.at\/datenschutz\/"]}]},{"@type":"BreadcrumbList","@id":"https:\/\/weinbau-fuehrer.at\/datenschutz\/#breadcrumb","itemListElement":[{"@type":"ListItem","position":1,"name":"Home","item":"https:\/\/weinbau-fuehrer.at\/"},{"@type":"ListItem","position":2,"name":"Datenschutz"}]},{"@type":"WebSite","@id":"https:\/\/weinbau-fuehrer.at\/#website","url":"https:\/\/weinbau-fuehrer.at\/","name":"Weinbau F\u00fchrer, Kattau","description":"Jedem Wein seinen eigenen Charakter","potentialAction":[{"@type":"SearchAction","target":{"@type":"EntryPoint","urlTemplate":"https:\/\/weinbau-fuehrer.at\/?s={search_term_string}"},"query-input":"required name=search_term_string"}],"inLanguage":"de"}]}},"_links":{"self":[{"href":"https:\/\/weinbau-fuehrer.at\/de_de\/wp-json\/wp\/v2\/pages\/1286"}],"collection":[{"href":"https:\/\/weinbau-fuehrer.at\/de_de\/wp-json\/wp\/v2\/pages"}],"about":[{"href":"https:\/\/weinbau-fuehrer.at\/de_de\/wp-json\/wp\/v2\/types\/page"}],"author":[{"embeddable":true,"href":"https:\/\/weinbau-fuehrer.at\/de_de\/wp-json\/wp\/v2\/users\/1"}],"replies":[{"embeddable":true,"href":"https:\/\/weinbau-fuehrer.at\/de_de\/wp-json\/wp\/v2\/comments?post=1286"}],"version-history":[{"count":2,"href":"https:\/\/weinbau-fuehrer.at\/de_de\/wp-json\/wp\/v2\/pages\/1286\/revisions"}],"predecessor-version":[{"id":2184,"href":"https:\/\/weinbau-fuehrer.at\/de_de\/wp-json\/wp\/v2\/pages\/1286\/revisions\/2184"}],"wp:attachment":[{"href":"https:\/\/weinbau-fuehrer.at\/de_de\/wp-json\/wp\/v2\/media?parent=1286"}],"curies":[{"name":"wp","href":"https:\/\/api.w.org\/{rel}","templated":true}]}}